{"id":17160,"date":"2025-10-19T08:35:12","date_gmt":"2025-10-19T15:35:12","guid":{"rendered":"https:\/\/www.expresscreditboost.com\/es\/?page_id=17160"},"modified":"2025-10-19T08:54:50","modified_gmt":"2025-10-19T15:54:50","slug":"blog","status":"publish","type":"page","link":"https:\/\/www.expresscreditboost.com\/es\/blog\/","title":{"rendered":"blog"},"content":{"rendered":"\t\t<div data-elementor-type=\"wp-page\" data-elementor-id=\"17160\" class=\"elementor elementor-17160\" data-elementor-settings=\"{&quot;ha_cmc_init_switcher&quot;:&quot;no&quot;}\" data-elementor-post-type=\"page\">\n\t\t\t\t\t\t<section class=\"elementor-section elementor-top-section elementor-element elementor-element-7efdbeac elementor-section-height-min-height elementor-section-boxed elementor-section-height-default elementor-section-items-middle\" data-id=\"7efdbeac\" data-element_type=\"section\" data-e-type=\"section\" data-settings=\"{&quot;background_background&quot;:&quot;classic&quot;,&quot;_ha_eqh_enable&quot;:false}\">\n\t\t\t\t\t\t\t<div class=\"elementor-background-overlay\"><\/div>\n\t\t\t\t\t\t\t<div class=\"elementor-container elementor-column-gap-default\">\n\t\t\t\t\t<div class=\"elementor-column elementor-col-100 elementor-top-column elementor-element elementor-element-3825a06\" data-id=\"3825a06\" data-element_type=\"column\" data-e-type=\"column\">\n\t\t\t<div class=\"elementor-widget-wrap elementor-element-populated\">\n\t\t\t\t\t\t<div class=\"elementor-element elementor-element-d64504e elementor-widget__width-auto ha-has-bg-overlay elementor-widget elementor-widget-heading\" data-id=\"d64504e\" data-element_type=\"widget\" data-e-type=\"widget\" data-widget_type=\"heading.default\">\n\t\t\t\t<div class=\"elementor-widget-container\">\n\t\t\t\t\t<h2 class=\"elementor-heading-title elementor-size-default\">Blog <\/h2>\t\t\t\t<\/div>\n\t\t\t\t<\/div>\n\t\t\t\t<div class=\"elementor-element elementor-element-19ad7b2 elementor-widget elementor-widget-heading\" data-id=\"19ad7b2\" data-element_type=\"widget\" data-e-type=\"widget\" data-widget_type=\"heading.default\">\n\t\t\t\t<div class=\"elementor-widget-container\">\n\t\t\t\t\t<h2 class=\"elementor-heading-title elementor-size-default\">Su Centro de Recursos para la Reparaci\u00f3n de Cr\u00e9dito<\/h2>\t\t\t\t<\/div>\n\t\t\t\t<\/div>\n\t\t\t\t<div class=\"elementor-element elementor-element-f7c763e elementor-widget elementor-widget-text-editor\" data-id=\"f7c763e\" data-element_type=\"widget\" data-e-type=\"widget\" data-widget_type=\"text-editor.default\">\n\t\t\t\t<div class=\"elementor-widget-container\">\n\t\t\t\t\t\t\t\t\t<p>Mant\u00e9ngase informado con el Blog <strong>de Express Credit Boost<\/strong>. Su fuente de referencia para obtener conocimientos, consejos y estrategias sobre la reparaci\u00f3n de cr\u00e9dito. Ya sea que est\u00e9 trabajando para mejorar su puntaje de cr\u00e9dito, reconstruir la estabilidad financiera o aprender h\u00e1bitos monetarios inteligentes, nuestro blog est\u00e1 aqu\u00ed para guiarle en cada paso del camino.<\/p>\t\t\t\t\t\t\t\t<\/div>\n\t\t\t\t<\/div>\n\t\t\t\t\t<\/div>\n\t\t<\/div>\n\t\t\t\t\t<\/div>\n\t\t<\/section>\n\t\t\t\t<section class=\"elementor-section elementor-top-section elementor-element elementor-element-7674051b elementor-section-boxed elementor-section-height-default elementor-section-height-default\" data-id=\"7674051b\" data-element_type=\"section\" data-e-type=\"section\" data-settings=\"{&quot;_ha_eqh_enable&quot;:false}\">\n\t\t\t\t\t\t<div class=\"elementor-container elementor-column-gap-default\">\n\t\t\t\t\t<div class=\"elementor-column elementor-col-100 elementor-top-column elementor-element elementor-element-52cb73ba\" data-id=\"52cb73ba\" data-element_type=\"column\" data-e-type=\"column\">\n\t\t\t<div class=\"elementor-widget-wrap elementor-element-populated\">\n\t\t\t\t\t\t<div class=\"elementor-element elementor-element-24f548ad elementor-invisible elementor-widget elementor-widget-heading\" data-id=\"24f548ad\" data-element_type=\"widget\" data-e-type=\"widget\" data-settings=\"{&quot;_animation&quot;:&quot;fadeInUp&quot;,&quot;_animation_delay&quot;:500}\" data-widget_type=\"heading.default\">\n\t\t\t\t<div class=\"elementor-widget-container\">\n\t\t\t\t\t<h2 class=\"elementor-heading-title elementor-size-default\">\u00daltimas Publicaciones<\/h2>\t\t\t\t<\/div>\n\t\t\t\t<\/div>\n\t\t\t\t<div class=\"elementor-element elementor-element-454dddcc elementor-grid-3 elementor-grid-tablet-2 elementor-grid-mobile-1 elementor-posts--thumbnail-top elementor-card-shadow-yes elementor-posts__hover-gradient elementor-widget elementor-widget-posts\" data-id=\"454dddcc\" data-element_type=\"widget\" data-e-type=\"widget\" data-settings=\"{&quot;cards_columns&quot;:&quot;3&quot;,&quot;cards_columns_tablet&quot;:&quot;2&quot;,&quot;cards_columns_mobile&quot;:&quot;1&quot;,&quot;cards_row_gap&quot;:{&quot;unit&quot;:&quot;px&quot;,&quot;size&quot;:35,&quot;sizes&quot;:[]},&quot;cards_row_gap_tablet&quot;:{&quot;unit&quot;:&quot;px&quot;,&quot;size&quot;:&quot;&quot;,&quot;sizes&quot;:[]},&quot;cards_row_gap_mobile&quot;:{&quot;unit&quot;:&quot;px&quot;,&quot;size&quot;:&quot;&quot;,&quot;sizes&quot;:[]}}\" data-widget_type=\"posts.cards\">\n\t\t\t\t<div class=\"elementor-widget-container\">\n\t\t\t\t\t\t\t<div class=\"elementor-posts-container elementor-posts elementor-posts--skin-cards elementor-grid\">\n\t\t\t\t<article class=\"elementor-post elementor-grid-item post-17180 post type-post status-publish format-standard has-post-thumbnail hentry category-consulta-exhaustiva\">\n\t\t\t<div class=\"elementor-post__card\">\n\t\t\t\t<a class=\"elementor-post__thumbnail__link\" href=\"https:\/\/www.expresscreditboost.com\/es\/blog\/eliminacion-de-consultas-dificiles-por-que-es-importante\/\" tabindex=\"-1\" ><div class=\"elementor-post__thumbnail\"><img fetchpriority=\"high\" decoding=\"async\" width=\"200\" height=\"300\" src=\"https:\/\/www.expresscreditboost.com\/es\/wp-content\/uploads\/sites\/2\/2025\/10\/family-gatheringjpg-200x300.jpg\" class=\"attachment-medium size-medium wp-image-17181\" alt=\"\" srcset=\"https:\/\/www.expresscreditboost.com\/es\/wp-content\/uploads\/sites\/2\/2025\/10\/family-gatheringjpg-200x300.jpg 200w, https:\/\/www.expresscreditboost.com\/es\/wp-content\/uploads\/sites\/2\/2025\/10\/family-gatheringjpg-683x1024.jpg 683w, https:\/\/www.expresscreditboost.com\/es\/wp-content\/uploads\/sites\/2\/2025\/10\/family-gatheringjpg-768x1152.jpg 768w, https:\/\/www.expresscreditboost.com\/es\/wp-content\/uploads\/sites\/2\/2025\/10\/family-gatheringjpg.jpg 832w\" sizes=\"(max-width: 200px) 100vw, 200px\" \/><\/div><\/a>\n\t\t\t\t<div class=\"elementor-post__badge\">Consulta exhaustiva<\/div>\n\t\t\t\t<div class=\"elementor-post__text\">\n\t\t\t\t<h3 class=\"elementor-post__title\">\n\t\t\t<a href=\"https:\/\/www.expresscreditboost.com\/es\/blog\/eliminacion-de-consultas-dificiles-por-que-es-importante\/\" >\n\t\t\t\tEliminaci\u00f3n de consultas dif\u00edciles: por qu\u00e9 es importante\t\t\t<\/a>\n\t\t<\/h3>\n\t\t\t\t<div class=\"elementor-post__excerpt\">\n\t\t\t<p>Las consultas rigurosas aparecen en tu informe crediticio al solicitar pr\u00e9stamos. A veces aparecen por error. En cualquier caso, reducen tu puntaje crediticio y, si<\/p>\n\t\t<\/div>\n\t\t\n\t\t<a class=\"elementor-post__read-more\" href=\"https:\/\/www.expresscreditboost.com\/es\/blog\/eliminacion-de-consultas-dificiles-por-que-es-importante\/\" aria-label=\"Read more about Eliminaci\u00f3n de consultas dif\u00edciles: por qu\u00e9 es importante\" tabindex=\"-1\" >\n\t\t\tRead More \u00bb\t\t<\/a>\n\n\t\t\t\t<\/div>\n\t\t\t\t<div class=\"elementor-post__meta-data\">\n\t\t\t\t\t<span class=\"elementor-post-date\">\n\t\t\t10\/20\/2025\t\t<\/span>\n\t\t\t\t<span class=\"elementor-post-avatar\">\n\t\t\tNo Comments\t\t<\/span>\n\t\t\t\t<\/div>\n\t\t\t\t\t<\/div>\n\t\t<\/article>\n\t\t\t\t<article class=\"elementor-post elementor-grid-item post-17169 post type-post status-publish format-standard has-post-thumbnail hentry category-credit-repair\">\n\t\t\t<div class=\"elementor-post__card\">\n\t\t\t\t<a class=\"elementor-post__thumbnail__link\" href=\"https:\/\/www.expresscreditboost.com\/es\/blog\/reparacion-de-credito\/\" tabindex=\"-1\" ><div class=\"elementor-post__thumbnail\"><img decoding=\"async\" width=\"200\" height=\"300\" src=\"https:\/\/www.expresscreditboost.com\/es\/wp-content\/uploads\/sites\/2\/2025\/10\/blog-200x300.jpg\" class=\"attachment-medium size-medium wp-image-17171\" alt=\"\" srcset=\"https:\/\/www.expresscreditboost.com\/es\/wp-content\/uploads\/sites\/2\/2025\/10\/blog-200x300.jpg 200w, https:\/\/www.expresscreditboost.com\/es\/wp-content\/uploads\/sites\/2\/2025\/10\/blog-683x1024.jpg 683w, https:\/\/www.expresscreditboost.com\/es\/wp-content\/uploads\/sites\/2\/2025\/10\/blog-768x1152.jpg 768w, https:\/\/www.expresscreditboost.com\/es\/wp-content\/uploads\/sites\/2\/2025\/10\/blog.jpg 832w\" sizes=\"(max-width: 200px) 100vw, 200px\" \/><\/div><\/a>\n\t\t\t\t<div class=\"elementor-post__badge\">Reparaci\u00f3n de cr\u00e9dito<\/div>\n\t\t\t\t<div class=\"elementor-post__text\">\n\t\t\t\t<h3 class=\"elementor-post__title\">\n\t\t\t<a href=\"https:\/\/www.expresscreditboost.com\/es\/blog\/reparacion-de-credito\/\" >\n\t\t\t\tReparaci\u00f3n de cr\u00e9dito\t\t\t<\/a>\n\t\t<\/h3>\n\t\t\t\t<div class=\"elementor-post__excerpt\">\n\t\t\t<p>Si busca mejorar sus posibilidades de obtener un pr\u00e9stamo para un auto nuevo o una hipoteca para comprar una casa esta primavera, considere trabajar con<\/p>\n\t\t<\/div>\n\t\t\n\t\t<a class=\"elementor-post__read-more\" href=\"https:\/\/www.expresscreditboost.com\/es\/blog\/reparacion-de-credito\/\" aria-label=\"Read more about Reparaci\u00f3n de cr\u00e9dito\" tabindex=\"-1\" >\n\t\t\tRead More \u00bb\t\t<\/a>\n\n\t\t\t\t<\/div>\n\t\t\t\t<div class=\"elementor-post__meta-data\">\n\t\t\t\t\t<span class=\"elementor-post-date\">\n\t\t\t10\/19\/2025\t\t<\/span>\n\t\t\t\t<span class=\"elementor-post-avatar\">\n\t\t\tNo Comments\t\t<\/span>\n\t\t\t\t<\/div>\n\t\t\t\t\t<\/div>\n\t\t<\/article>\n\t\t\t\t<article class=\"elementor-post elementor-grid-item post-17119 post type-post status-publish format-standard has-post-thumbnail hentry category-consulta-exhaustiva category-credit-repair\">\n\t\t\t<div class=\"elementor-post__card\">\n\t\t\t\t<a class=\"elementor-post__thumbnail__link\" href=\"https:\/\/www.expresscreditboost.com\/es\/blog\/impacto-de-una-consulta-de-credito-dura-en-la-puntuacion-crediticia\/\" tabindex=\"-1\" ><div class=\"elementor-post__thumbnail\"><img decoding=\"async\" width=\"300\" height=\"200\" src=\"https:\/\/www.expresscreditboost.com\/es\/wp-content\/uploads\/sites\/2\/2025\/10\/impacto-de-una-consulta-de-credito-dura-en-la-puntuacion-crediticia-img-300x200.jpg\" class=\"attachment-medium size-medium wp-image-17121\" alt=\"La Verdad sobre las Consultas de Cr\u00e9dito Duras y su Puntaje Crediticio\" srcset=\"https:\/\/www.expresscreditboost.com\/es\/wp-content\/uploads\/sites\/2\/2025\/10\/impacto-de-una-consulta-de-credito-dura-en-la-puntuacion-crediticia-img-300x200.jpg 300w, https:\/\/www.expresscreditboost.com\/es\/wp-content\/uploads\/sites\/2\/2025\/10\/impacto-de-una-consulta-de-credito-dura-en-la-puntuacion-crediticia-img-1024x683.jpg 1024w, https:\/\/www.expresscreditboost.com\/es\/wp-content\/uploads\/sites\/2\/2025\/10\/impacto-de-una-consulta-de-credito-dura-en-la-puntuacion-crediticia-img-768x512.jpg 768w, https:\/\/www.expresscreditboost.com\/es\/wp-content\/uploads\/sites\/2\/2025\/10\/impacto-de-una-consulta-de-credito-dura-en-la-puntuacion-crediticia-img-1536x1024.jpg 1536w, https:\/\/www.expresscreditboost.com\/es\/wp-content\/uploads\/sites\/2\/2025\/10\/impacto-de-una-consulta-de-credito-dura-en-la-puntuacion-crediticia-img.jpg 1999w\" sizes=\"(max-width: 300px) 100vw, 300px\" \/><\/div><\/a>\n\t\t\t\t<div class=\"elementor-post__badge\">Consulta exhaustiva<\/div>\n\t\t\t\t<div class=\"elementor-post__text\">\n\t\t\t\t<h3 class=\"elementor-post__title\">\n\t\t\t<a href=\"https:\/\/www.expresscreditboost.com\/es\/blog\/impacto-de-una-consulta-de-credito-dura-en-la-puntuacion-crediticia\/\" >\n\t\t\t\tLa Verdad sobre las Consultas de Cr\u00e9dito Duras y su Puntaje Crediticio\t\t\t<\/a>\n\t\t<\/h3>\n\t\t\t\t<div class=\"elementor-post__excerpt\">\n\t\t\t<p>Una consulta de cr\u00e9dito dura puede reducir su puntaje de cr\u00e9dito entre 0 y 21 puntos, dependiendo de su perfil. Permanecen en los informes durante<\/p>\n\t\t<\/div>\n\t\t\n\t\t<a class=\"elementor-post__read-more\" href=\"https:\/\/www.expresscreditboost.com\/es\/blog\/impacto-de-una-consulta-de-credito-dura-en-la-puntuacion-crediticia\/\" aria-label=\"Read more about La Verdad sobre las Consultas de Cr\u00e9dito Duras y su Puntaje Crediticio\" tabindex=\"-1\" >\n\t\t\tRead More \u00bb\t\t<\/a>\n\n\t\t\t\t<\/div>\n\t\t\t\t<div class=\"elementor-post__meta-data\">\n\t\t\t\t\t<span class=\"elementor-post-date\">\n\t\t\t10\/14\/2025\t\t<\/span>\n\t\t\t\t<span class=\"elementor-post-avatar\">\n\t\t\tNo Comments\t\t<\/span>\n\t\t\t\t<\/div>\n\t\t\t\t\t<\/div>\n\t\t<\/article>\n\t\t\t\t<article class=\"elementor-post elementor-grid-item post-17111 post type-post status-publish format-standard has-post-thumbnail hentry category-consulta-exhaustiva category-credit-repair\">\n\t\t\t<div class=\"elementor-post__card\">\n\t\t\t\t<a class=\"elementor-post__thumbnail__link\" href=\"https:\/\/www.expresscreditboost.com\/es\/blog\/explicacion-clara-del-servicio-de-eliminacion-de-consultas-de-credito-duras\/\" tabindex=\"-1\" ><div class=\"elementor-post__thumbnail\"><img loading=\"lazy\" decoding=\"async\" width=\"300\" height=\"200\" src=\"https:\/\/www.expresscreditboost.com\/es\/wp-content\/uploads\/sites\/2\/2025\/10\/explicacion-clara-del-servicio-de-eliminacion-de-consultas-de-credito-duras-img-300x200.jpg\" class=\"attachment-medium size-medium wp-image-17117\" alt=\"Explicaci\u00f3n Clara del Servicio de Eliminaci\u00f3n de Consultas de Cr\u00e9dito Duras\" srcset=\"https:\/\/www.expresscreditboost.com\/es\/wp-content\/uploads\/sites\/2\/2025\/10\/explicacion-clara-del-servicio-de-eliminacion-de-consultas-de-credito-duras-img-300x200.jpg 300w, https:\/\/www.expresscreditboost.com\/es\/wp-content\/uploads\/sites\/2\/2025\/10\/explicacion-clara-del-servicio-de-eliminacion-de-consultas-de-credito-duras-img-1024x683.jpg 1024w, https:\/\/www.expresscreditboost.com\/es\/wp-content\/uploads\/sites\/2\/2025\/10\/explicacion-clara-del-servicio-de-eliminacion-de-consultas-de-credito-duras-img-768x512.jpg 768w, https:\/\/www.expresscreditboost.com\/es\/wp-content\/uploads\/sites\/2\/2025\/10\/explicacion-clara-del-servicio-de-eliminacion-de-consultas-de-credito-duras-img-1536x1024.jpg 1536w, https:\/\/www.expresscreditboost.com\/es\/wp-content\/uploads\/sites\/2\/2025\/10\/explicacion-clara-del-servicio-de-eliminacion-de-consultas-de-credito-duras-img.jpg 1999w\" sizes=\"(max-width: 300px) 100vw, 300px\" \/><\/div><\/a>\n\t\t\t\t<div class=\"elementor-post__badge\">Consulta exhaustiva<\/div>\n\t\t\t\t<div class=\"elementor-post__text\">\n\t\t\t\t<h3 class=\"elementor-post__title\">\n\t\t\t<a href=\"https:\/\/www.expresscreditboost.com\/es\/blog\/explicacion-clara-del-servicio-de-eliminacion-de-consultas-de-credito-duras\/\" >\n\t\t\t\tExplicaci\u00f3n Clara del Servicio de Eliminaci\u00f3n de Consultas de Cr\u00e9dito Duras\t\t\t<\/a>\n\t\t<\/h3>\n\t\t\t\t<div class=\"elementor-post__excerpt\">\n\t\t\t<p>Un servicio de eliminaci\u00f3n de consultas de cr\u00e9dito duras ayuda a eliminar las verificaciones de cr\u00e9dito no autorizadas o err\u00f3neas que reducen su puntaje. Mejora<\/p>\n\t\t<\/div>\n\t\t\n\t\t<a class=\"elementor-post__read-more\" href=\"https:\/\/www.expresscreditboost.com\/es\/blog\/explicacion-clara-del-servicio-de-eliminacion-de-consultas-de-credito-duras\/\" aria-label=\"Read more about Explicaci\u00f3n Clara del Servicio de Eliminaci\u00f3n de Consultas de Cr\u00e9dito Duras\" tabindex=\"-1\" >\n\t\t\tRead More \u00bb\t\t<\/a>\n\n\t\t\t\t<\/div>\n\t\t\t\t<div class=\"elementor-post__meta-data\">\n\t\t\t\t\t<span class=\"elementor-post-date\">\n\t\t\t10\/14\/2025\t\t<\/span>\n\t\t\t\t<span class=\"elementor-post-avatar\">\n\t\t\tNo Comments\t\t<\/span>\n\t\t\t\t<\/div>\n\t\t\t\t\t<\/div>\n\t\t<\/article>\n\t\t\t\t<article class=\"elementor-post elementor-grid-item post-17112 post type-post status-publish format-standard has-post-thumbnail hentry category-consulta-exhaustiva category-credit-repair\">\n\t\t\t<div class=\"elementor-post__card\">\n\t\t\t\t<a class=\"elementor-post__thumbnail__link\" href=\"https:\/\/www.expresscreditboost.com\/es\/blog\/que-es-una-consulta-dura\/\" tabindex=\"-1\" ><div class=\"elementor-post__thumbnail\"><img loading=\"lazy\" decoding=\"async\" width=\"300\" height=\"143\" src=\"https:\/\/www.expresscreditboost.com\/es\/wp-content\/uploads\/sites\/2\/2025\/10\/que-es-una-consulta-dura-img-300x143.jpg\" class=\"attachment-medium size-medium wp-image-17114\" alt=\"Significado e Impacto de las Consultas de Cr\u00e9dito Duras en los Informes de Cr\u00e9dito\" srcset=\"https:\/\/www.expresscreditboost.com\/es\/wp-content\/uploads\/sites\/2\/2025\/10\/que-es-una-consulta-dura-img-300x143.jpg 300w, https:\/\/www.expresscreditboost.com\/es\/wp-content\/uploads\/sites\/2\/2025\/10\/que-es-una-consulta-dura-img-1024x488.jpg 1024w, https:\/\/www.expresscreditboost.com\/es\/wp-content\/uploads\/sites\/2\/2025\/10\/que-es-una-consulta-dura-img-768x366.jpg 768w, https:\/\/www.expresscreditboost.com\/es\/wp-content\/uploads\/sites\/2\/2025\/10\/que-es-una-consulta-dura-img-1536x732.jpg 1536w, https:\/\/www.expresscreditboost.com\/es\/wp-content\/uploads\/sites\/2\/2025\/10\/que-es-una-consulta-dura-img.jpg 1999w\" sizes=\"(max-width: 300px) 100vw, 300px\" \/><\/div><\/a>\n\t\t\t\t<div class=\"elementor-post__badge\">Consulta exhaustiva<\/div>\n\t\t\t\t<div class=\"elementor-post__text\">\n\t\t\t\t<h3 class=\"elementor-post__title\">\n\t\t\t<a href=\"https:\/\/www.expresscreditboost.com\/es\/blog\/que-es-una-consulta-dura\/\" >\n\t\t\t\tSignificado e Impacto de las Consultas de Cr\u00e9dito Duras en los Informes de Cr\u00e9dito\t\t\t<\/a>\n\t\t<\/h3>\n\t\t\t\t<div class=\"elementor-post__excerpt\">\n\t\t\t<p>Una consulta de cr\u00e9dito dura ocurre cuando un prestamista revisa su informe de cr\u00e9dito despu\u00e9s de que usted solicita un nuevo cr\u00e9dito. Puede reducir temporalmente<\/p>\n\t\t<\/div>\n\t\t\n\t\t<a class=\"elementor-post__read-more\" href=\"https:\/\/www.expresscreditboost.com\/es\/blog\/que-es-una-consulta-dura\/\" aria-label=\"Read more about Significado e Impacto de las Consultas de Cr\u00e9dito Duras en los Informes de Cr\u00e9dito\" tabindex=\"-1\" >\n\t\t\tRead More \u00bb\t\t<\/a>\n\n\t\t\t\t<\/div>\n\t\t\t\t<div class=\"elementor-post__meta-data\">\n\t\t\t\t\t<span class=\"elementor-post-date\">\n\t\t\t10\/14\/2025\t\t<\/span>\n\t\t\t\t<span class=\"elementor-post-avatar\">\n\t\t\tNo Comments\t\t<\/span>\n\t\t\t\t<\/div>\n\t\t\t\t\t<\/div>\n\t\t<\/article>\n\t\t\t\t<article class=\"elementor-post elementor-grid-item post-17108 post type-post status-publish format-standard has-post-thumbnail hentry category-consulta-exhaustiva category-credit-repair\">\n\t\t\t<div class=\"elementor-post__card\">\n\t\t\t\t<a class=\"elementor-post__thumbnail__link\" href=\"https:\/\/www.expresscreditboost.com\/es\/blog\/cuando-desaparecen-las-consultas-de-credito-duras\/\" tabindex=\"-1\" ><div class=\"elementor-post__thumbnail\"><img loading=\"lazy\" decoding=\"async\" width=\"300\" height=\"200\" src=\"https:\/\/www.expresscreditboost.com\/es\/wp-content\/uploads\/sites\/2\/2025\/10\/cuando-desaparecen-las-consultas-de-credito-duras-img-300x200.jpg\" class=\"attachment-medium size-medium wp-image-17109\" alt=\"\u00bfCu\u00e1ndo Desaparecen las Consultas de Cr\u00e9dito Duras? Gu\u00eda y Cronograma\" srcset=\"https:\/\/www.expresscreditboost.com\/es\/wp-content\/uploads\/sites\/2\/2025\/10\/cuando-desaparecen-las-consultas-de-credito-duras-img-300x200.jpg 300w, https:\/\/www.expresscreditboost.com\/es\/wp-content\/uploads\/sites\/2\/2025\/10\/cuando-desaparecen-las-consultas-de-credito-duras-img-1024x683.jpg 1024w, https:\/\/www.expresscreditboost.com\/es\/wp-content\/uploads\/sites\/2\/2025\/10\/cuando-desaparecen-las-consultas-de-credito-duras-img-768x512.jpg 768w, https:\/\/www.expresscreditboost.com\/es\/wp-content\/uploads\/sites\/2\/2025\/10\/cuando-desaparecen-las-consultas-de-credito-duras-img-1536x1024.jpg 1536w, https:\/\/www.expresscreditboost.com\/es\/wp-content\/uploads\/sites\/2\/2025\/10\/cuando-desaparecen-las-consultas-de-credito-duras-img.jpg 1999w\" sizes=\"(max-width: 300px) 100vw, 300px\" \/><\/div><\/a>\n\t\t\t\t<div class=\"elementor-post__badge\">Consulta exhaustiva<\/div>\n\t\t\t\t<div class=\"elementor-post__text\">\n\t\t\t\t<h3 class=\"elementor-post__title\">\n\t\t\t<a href=\"https:\/\/www.expresscreditboost.com\/es\/blog\/cuando-desaparecen-las-consultas-de-credito-duras\/\" >\n\t\t\t\t\u00bfCu\u00e1ndo Desaparecen las Consultas de Cr\u00e9dito Duras? Gu\u00eda y Cronograma\t\t\t<\/a>\n\t\t<\/h3>\n\t\t\t\t<div class=\"elementor-post__excerpt\">\n\t\t\t<p>Las consultas de cr\u00e9dito duras reducen su puntaje durante 12 meses y permanecen en su informe de cr\u00e9dito durante dos a\u00f1os. Despu\u00e9s del d\u00eda 365,<\/p>\n\t\t<\/div>\n\t\t\n\t\t<a class=\"elementor-post__read-more\" href=\"https:\/\/www.expresscreditboost.com\/es\/blog\/cuando-desaparecen-las-consultas-de-credito-duras\/\" aria-label=\"Read more about \u00bfCu\u00e1ndo Desaparecen las Consultas de Cr\u00e9dito Duras? Gu\u00eda y Cronograma\" tabindex=\"-1\" >\n\t\t\tRead More \u00bb\t\t<\/a>\n\n\t\t\t\t<\/div>\n\t\t\t\t<div class=\"elementor-post__meta-data\">\n\t\t\t\t\t<span class=\"elementor-post-date\">\n\t\t\t10\/14\/2025\t\t<\/span>\n\t\t\t\t<span class=\"elementor-post-avatar\">\n\t\t\tNo Comments\t\t<\/span>\n\t\t\t\t<\/div>\n\t\t\t\t\t<\/div>\n\t\t<\/article>\n\t\t\t\t<\/div>\n\t\t\n\t\t\t\t\t\t<\/div>\n\t\t\t\t<\/div>\n\t\t\t\t\t<\/div>\n\t\t<\/div>\n\t\t\t\t\t<\/div>\n\t\t<\/section>\n\t\t\t\t<\/div>\n\t\t","protected":false},"excerpt":{"rendered":"<p>Blog Su Centro de Recursos para la Reparaci\u00f3n de Cr\u00e9dito Mant\u00e9ngase informado con el Blog de Express Credit Boost. Su fuente de referencia para obtener conocimientos, consejos y estrategias sobre la reparaci\u00f3n de cr\u00e9dito. Ya sea que est\u00e9 trabajando para mejorar su puntaje de cr\u00e9dito, reconstruir la estabilidad financiera o aprender h\u00e1bitos monetarios inteligentes, nuestro [&hellip;]<\/p>\n","protected":false},"author":1,"featured_media":0,"parent":0,"menu_order":0,"comment_status":"closed","ping_status":"closed","template":"","meta":{"footnotes":""},"class_list":["post-17160","page","type-page","status-publish","hentry"],"_links":{"self":[{"href":"https:\/\/www.expresscreditboost.com\/es\/wp-json\/wp\/v2\/pages\/17160","targetHints":{"allow":["GET"]}}],"collection":[{"href":"https:\/\/www.expresscreditboost.com\/es\/wp-json\/wp\/v2\/pages"}],"about":[{"href":"https:\/\/www.expresscreditboost.com\/es\/wp-json\/wp\/v2\/types\/page"}],"author":[{"embeddable":true,"href":"https:\/\/www.expresscreditboost.com\/es\/wp-json\/wp\/v2\/users\/1"}],"replies":[{"embeddable":true,"href":"https:\/\/www.expresscreditboost.com\/es\/wp-json\/wp\/v2\/comments?post=17160"}],"version-history":[{"count":7,"href":"https:\/\/www.expresscreditboost.com\/es\/wp-json\/wp\/v2\/pages\/17160\/revisions"}],"predecessor-version":[{"id":17168,"href":"https:\/\/www.expresscreditboost.com\/es\/wp-json\/wp\/v2\/pages\/17160\/revisions\/17168"}],"wp:attachment":[{"href":"https:\/\/www.expresscreditboost.com\/es\/wp-json\/wp\/v2\/media?parent=17160"}],"curies":[{"name":"wp","href":"https:\/\/api.w.org\/{rel}","templated":true}]}}